{"id":1120,"date":"2018-11-05T14:21:49","date_gmt":"2018-11-05T14:21:49","guid":{"rendered":"https:\/\/szalayvilla.hu\/rolunk\/"},"modified":"2019-01-18T12:58:27","modified_gmt":"2019-01-18T12:58:27","slug":"ueber-uns","status":"publish","type":"page","link":"https:\/\/szalayvilla.hu\/de\/ueber-uns\/","title":{"rendered":"\u00dcber uns"},"content":{"rendered":"<p>[vc_row el_class=&#8221;about-us&#8221;][vc_column][vc_single_image image=&#8221;1068&#8243; img_size=&#8221;large&#8221; alignment=&#8221;center&#8221;][vc_empty_space][vc_separator color=&#8221;custom&#8221; border_width=&#8221;2&#8243; el_class=&#8221;separator&#8221; accent_color=&#8221;#b2b2b2&#8243;][vc_empty_space][vc_column_text el_class=&#8221;about-us&#8221;]A Szalay Villa a kor\u00e1bbi K\u00e9t Lotti Panzi\u00f3 jogut\u00f3dja, mely minden r\u00e9szlet\u00e9ben meg\u00fajulni k\u00e9sz\u00fcl. Ez egy id\u0151ben elh\u00faz\u00f3d\u00f3 folyamat, de visszat\u00e9r\u0151 vend\u00e9geink azonnal \u00e9rz\u00e9kelhetik a v\u00e1ltoz\u00e1st. A terv\u00fcnk egy st\u00edlusos boutique minihotel kialak\u00edt\u00e1s, mely 10 k\u00fcl\u00f6nb\u00f6z\u0151 st\u00edlus\u00fa egy- k\u00e9t\u00e9gyas-, csal\u00e1di- \u00e9s szem\u00e9lyes szaun\u00e1val rendelkez\u0151 szob\u00e1val fogja v\u00e1rni leend\u0151 vend\u00e9geit. Jelenleg \u00f6t szob\u00e1val \u00e1llunk rendelkez\u00e9s\u00fckre.<br \/>\nAz \u00f3don hangulat\u00fa 120 \u00e9ves villa egy r\u00f6vid s\u00e9t\u00e1ra a v\u00e1rosk\u00f6zpontt\u00f3l z\u00e1rt parkol\u00f3val, pihen\u0151kerttel rendelkezik.<br \/>\nSzoba\u00e1raink tartalmazz\u00e1k min\u0151s\u00e9gi k\u00e1v\u00e9-tea vari\u00e1ci\u00f3inkat frissen s\u00fct\u00f6tt croissanttal.[\/vc_column_text][\/vc_column][\/vc_row]<\/p>\n","protected":false},"excerpt":{"rendered":"<p>[vc_row el_class=&#8221;about-us&#8221;][vc_column][vc_single_image image=&#8221;1068&#8243; img_size=&#8221;large&#8221; alignment=&#8221;center&#8221;][vc_empty_space][vc_separator color=&#8221;custom&#8221; border_width=&#8221;2&#8243; el_class=&#8221;separator&#8221; accent_color=&#8221;#b2b2b2&#8243;][vc_empty_space][vc_column_text el_class=&#8221;about-us&#8221;]A Szalay Villa a kor\u00e1bbi K\u00e9t Lotti Panzi\u00f3 jogut\u00f3dja, mely minden r\u00e9szlet\u00e9ben meg\u00fajulni k\u00e9sz\u00fcl. Ez egy id\u0151ben elh\u00faz\u00f3d\u00f3 folyamat, de visszat\u00e9r\u0151 vend\u00e9geink azonnal \u00e9rz\u00e9kelhetik a v\u00e1ltoz\u00e1st. A terv\u00fcnk egy st\u00edlusos boutique minihotel kialak\u00edt\u00e1s, mely 10 k\u00fcl\u00f6nb\u00f6z\u0151 st\u00edlus\u00fa egy- k\u00e9t\u00e9gyas-, csal\u00e1di- \u00e9s szem\u00e9lyes szaun\u00e1val rendelkez\u0151 szob\u00e1val fogja [&hellip;]<\/p>\n","protected":false},"author":1,"featured_media":0,"parent":0,"menu_order":0,"comment_status":"closed","ping_status":"closed","template":"","meta":{"footnotes":""},"_links":{"self":[{"href":"https:\/\/szalayvilla.hu\/de\/wp-json\/wp\/v2\/pages\/1120"}],"collection":[{"href":"https:\/\/szalayvilla.hu\/de\/wp-json\/wp\/v2\/pages"}],"about":[{"href":"https:\/\/szalayvilla.hu\/de\/wp-json\/wp\/v2\/types\/page"}],"author":[{"embeddable":true,"href":"https:\/\/szalayvilla.hu\/de\/wp-json\/wp\/v2\/users\/1"}],"replies":[{"embeddable":true,"href":"https:\/\/szalayvilla.hu\/de\/wp-json\/wp\/v2\/comments?post=1120"}],"version-history":[{"count":2,"href":"https:\/\/szalayvilla.hu\/de\/wp-json\/wp\/v2\/pages\/1120\/revisions"}],"predecessor-version":[{"id":1279,"href":"https:\/\/szalayvilla.hu\/de\/wp-json\/wp\/v2\/pages\/1120\/revisions\/1279"}],"wp:attachment":[{"href":"https:\/\/szalayvilla.hu\/de\/wp-json\/wp\/v2\/media?parent=1120"}],"curies":[{"name":"wp","href":"https:\/\/api.w.org\/{rel}","templated":true}]}}