{"id":1105,"date":"2018-11-05T14:03:29","date_gmt":"2018-11-05T14:03:29","guid":{"rendered":"https:\/\/szalayvilla.hu\/kapcsolat\/"},"modified":"2024-01-01T14:10:45","modified_gmt":"2024-01-01T14:10:45","slug":"contact","status":"publish","type":"page","link":"https:\/\/szalayvilla.hu\/en\/contact\/","title":{"rendered":"Contact"},"content":{"rendered":"<p>[vc_row el_class=&#8221;contact-info&#8221;][vc_column width=&#8221;1\/2&#8243;]\n<div class=\"wpcf7 no-js\" id=\"wpcf7-f1054-o1\" lang=\"hu-HU\" dir=\"ltr\">\n<div class=\"screen-reader-response\"><p role=\"status\" aria-live=\"polite\" aria-atomic=\"true\"><\/p> <ul><\/ul><\/div>\n<form action=\"\/en\/wp-json\/wp\/v2\/pages\/1105#wpcf7-f1054-o1\" method=\"post\" class=\"wpcf7-form init\" aria-label=\"Kapcsolatfelv\u00e9teli \u0171rlap\" novalidate=\"novalidate\" data-status=\"init\">\n<div style=\"display: none;\">\n<input type=\"hidden\" name=\"_wpcf7\" value=\"1054\" \/>\n<input type=\"hidden\" name=\"_wpcf7_version\" value=\"5.8.6\" \/>\n<input type=\"hidden\" name=\"_wpcf7_locale\" value=\"hu_HU\" \/>\n<input type=\"hidden\" name=\"_wpcf7_unit_tag\" value=\"wpcf7-f1054-o1\" \/>\n<input type=\"hidden\" name=\"_wpcf7_container_post\" value=\"0\" \/>\n<input type=\"hidden\" name=\"_wpcf7_posted_data_hash\" value=\"\" \/>\n<\/div>\n<p><label> N\u00e9v (k\u00f6telez\u0151)<br \/>\n<span class=\"wpcf7-form-control-wrap\" data-name=\"your-name\"><input size=\"40\" class=\"wpcf7-form-control wpcf7-text wpcf7-validates-as-required\" aria-required=\"true\" aria-invalid=\"false\" value=\"\" type=\"text\" name=\"your-name\" \/><\/span> <\/label>\n<\/p>\n<p><label> Email c\u00edm (k\u00f6telez\u0151)<br \/>\n<span class=\"wpcf7-form-control-wrap\" data-name=\"your-email\"><input size=\"40\" class=\"wpcf7-form-control wpcf7-email wpcf7-validates-as-required wpcf7-text wpcf7-validates-as-email\" aria-required=\"true\" aria-invalid=\"false\" value=\"\" type=\"email\" name=\"your-email\" \/><\/span> <\/label>\n<\/p>\n<p><label> Telefonsz\u00e1m (k\u00f6telez\u0151)<br \/>\n<span class=\"wpcf7-form-control-wrap\" data-name=\"your-tel\"><input size=\"40\" class=\"wpcf7-form-control wpcf7-tel wpcf7-validates-as-required wpcf7-text wpcf7-validates-as-tel\" aria-required=\"true\" aria-invalid=\"false\" value=\"\" type=\"tel\" name=\"your-tel\" \/><\/span><\/label>\n<\/p>\n<p><label> T\u00e1rgy<br \/>\n<span class=\"wpcf7-form-control-wrap\" data-name=\"your-subject\"><input size=\"40\" class=\"wpcf7-form-control wpcf7-text\" aria-invalid=\"false\" value=\"\" type=\"text\" name=\"your-subject\" \/><\/span> <\/label>\n<\/p>\n<p><label> \u00dczenet<br \/>\n<span class=\"wpcf7-form-control-wrap\" data-name=\"your-message\"><textarea cols=\"40\" rows=\"10\" class=\"wpcf7-form-control wpcf7-textarea\" aria-invalid=\"false\" name=\"your-message\"><\/textarea><\/span> <\/label>\n<\/p>\n<p><input class=\"wpcf7-form-control wpcf7-submit has-spinner\" type=\"submit\" value=\"K\u00fcld\u00e9s\" \/>\n<\/p><div class=\"wpcf7-response-output\" aria-hidden=\"true\"><\/div>\n<\/form>\n<\/div>\n[\/vc_column][vc_column width=&#8221;1\/2&#8243;][vc_column_text el_class=&#8221;contact-info&#8221;]<\/p>\n<h3>Szalay Villa<\/h3>\n<p>8200 Veszpr\u00e9m<br \/>\nJ\u00f3zsef Attila 21.<br \/>\n+36 30 212 88 25<br \/>\n+36 30 986 88 86<br \/>\n<a href=\"mailto:booking@szalayvilla.hu\">booking@szalayvilla.hu<\/a><br \/>\n<a href=\"https:\/\/www.facebook.com\/szalayvilla\/\" target=\"_blank\" rel=\"noopener noreferrer\">www.facebook.com\/szalayvilla<\/a><\/p>\n<h3>Mademoiselle Ltd.<\/h3>\n<p>VAT no.: 10475605-2-19<br \/>\nCompany registration no.: 19-09-500011<br \/>\nSeat: 8220 Balatonalm\u00e1di J\u00f3kai M\u00f3r u. 3.<br \/>\nAddress: 8200 Veszpr\u00e9m J\u00f3zsef Attila u. 21,<br \/>\nCIB Bank: HU33 10700189-69929278-51100005<br \/>\nSwift: CIBHHUHB[\/vc_column_text][\/vc_column][\/vc_row]<\/p>\n","protected":false},"excerpt":{"rendered":"<p>[vc_row el_class=&#8221;contact-info&#8221;][vc_column width=&#8221;1\/2&#8243;][\/vc_column][vc_column width=&#8221;1\/2&#8243;][vc_column_text el_class=&#8221;contact-info&#8221;] Szalay Villa 8200 Veszpr\u00e9m J\u00f3zsef Attila 21. +36 30 212 88 25 +36 30 986 88 86 booking@szalayvilla.hu www.facebook.com\/szalayvilla Mademoiselle Ltd. VAT no.: 10475605-2-19 Company registration no.: 19-09-500011 Seat: 8220 Balatonalm\u00e1di J\u00f3kai M\u00f3r u. 3. Address: 8200 Veszpr\u00e9m J\u00f3zsef Attila u. 21, CIB Bank: HU33 10700189-69929278-51100005 Swift: CIBHHUHB[\/vc_column_text][\/vc_column][\/vc_row]<\/p>\n","protected":false},"author":1,"featured_media":0,"parent":0,"menu_order":0,"comment_status":"closed","ping_status":"closed","template":"","meta":{"footnotes":""},"_links":{"self":[{"href":"https:\/\/szalayvilla.hu\/en\/wp-json\/wp\/v2\/pages\/1105"}],"collection":[{"href":"https:\/\/szalayvilla.hu\/en\/wp-json\/wp\/v2\/pages"}],"about":[{"href":"https:\/\/szalayvilla.hu\/en\/wp-json\/wp\/v2\/types\/page"}],"author":[{"embeddable":true,"href":"https:\/\/szalayvilla.hu\/en\/wp-json\/wp\/v2\/users\/1"}],"replies":[{"embeddable":true,"href":"https:\/\/szalayvilla.hu\/en\/wp-json\/wp\/v2\/comments?post=1105"}],"version-history":[{"count":7,"href":"https:\/\/szalayvilla.hu\/en\/wp-json\/wp\/v2\/pages\/1105\/revisions"}],"predecessor-version":[{"id":1625,"href":"https:\/\/szalayvilla.hu\/en\/wp-json\/wp\/v2\/pages\/1105\/revisions\/1625"}],"wp:attachment":[{"href":"https:\/\/szalayvilla.hu\/en\/wp-json\/wp\/v2\/media?parent=1105"}],"curies":[{"name":"wp","href":"https:\/\/api.w.org\/{rel}","templated":true}]}}